{"id":10,"date":"2021-12-03T20:28:48","date_gmt":"2021-12-03T19:28:48","guid":{"rendered":"https:\/\/nagrobki-krotoszyn.pl\/?page_id=10"},"modified":"2024-11-06T22:45:24","modified_gmt":"2024-11-06T21:45:24","slug":"o-firmie","status":"publish","type":"page","link":"https:\/\/nagrobki-krotoszyn.pl\/","title":{"rendered":"O FIRMIE"},"content":{"rendered":"\n<p> <\/p>\n\n\n\n<p class=\"has-medium-font-size\">Zak\u0142ad Kamieniarsko-Nagrobkowy w Krotoszynie istnieje od 2000 roku. Wcze\u015bniej prowadzony przez brata. Posiadamy du\u017ce do\u015bwiadczenie w ofercie wyrobu kamienia naturalnego. Nasz\u0105 \u015bcis\u0142\u0105 specjalno\u015bci\u0105 jest wykonywanie nagrobk\u00f3w i grobowc\u00f3w o niepowtarzalnym wzornictwie oraz najwy\u017cszej jako\u015bci na rynku krajowym. W ofercie naszej firmy znajdziecie Pa\u0144stwo szeroki wachlarz asortymentu z granitu i marmuru w bogatej gamie kolorystycznej. Do budowy nagrobk\u00f3w u\u017cywamy g\u0142\u00f3wnie granitu, kt\u00f3ry jest najtrwalszym materia\u0142em, a zarazem r\u00f3\u017cnorodnym, je\u015bli chodzi o barw\u0119. Firma nasza opr\u00f3cz szerokiej gamy nagrobk\u00f3w wykonuje: <\/p>\n\n\n\n<p class=\"has-medium-font-size\">*Grobowce,<\/p>\n\n\n\n<p class=\"has-medium-font-size\">*Pomniki urnowe,<\/p>\n\n\n\n<p class=\"has-medium-font-size\">*Komory urnowe, <\/p>\n\n\n\n<p class=\"has-medium-font-size\">*Tablice kamienne pami\u0105tkowe, <\/p>\n\n\n\n<p class=\"has-medium-font-size\">*Parapety przyokienne,<\/p>\n\n\n\n<p class=\"has-medium-font-size\">Zapraszamy do odwiedzenia nas i zapoznania si\u0119 z nasz\u0105 ofert\u0105. Zak\u0142ad znajduje si\u0119 w gminie Osi\u0119ciny w miejscowo\u015bci Krotoszyn 33.<\/p>\n","protected":false},"excerpt":{"rendered":"<p>Zak\u0142ad Kamieniarsko-Nagrobkowy w Krotoszynie istnieje od 2000 roku. Wcze\u015bniej prowadzony przez brata. Posiadamy du\u017ce do\u015bwiadczenie w ofercie wyrobu kamienia naturalnego. Nasz\u0105 \u015bcis\u0142\u0105 specjalno\u015bci\u0105 jest wykonywanie nagrobk\u00f3w i grobowc\u00f3w o niepowtarzalnym wzornictwie oraz najwy\u017cszej jako\u015bci na rynku krajowym. W ofercie naszej firmy znajdziecie Pa\u0144stwo szeroki wachlarz asortymentu z granitu i marmuru w bogatej gamie kolorystycznej. Do [&hellip;]<\/p>\n","protected":false},"author":1,"featured_media":0,"parent":0,"menu_order":1,"comment_status":"closed","ping_status":"closed","template":"","meta":[],"_links":{"self":[{"href":"https:\/\/nagrobki-krotoszyn.pl\/index.php?rest_route=\/wp\/v2\/pages\/10"}],"collection":[{"href":"https:\/\/nagrobki-krotoszyn.pl\/index.php?rest_route=\/wp\/v2\/pages"}],"about":[{"href":"https:\/\/nagrobki-krotoszyn.pl\/index.php?rest_route=\/wp\/v2\/types\/page"}],"author":[{"embeddable":true,"href":"https:\/\/nagrobki-krotoszyn.pl\/index.php?rest_route=\/wp\/v2\/users\/1"}],"replies":[{"embeddable":true,"href":"https:\/\/nagrobki-krotoszyn.pl\/index.php?rest_route=%2Fwp%2Fv2%2Fcomments&post=10"}],"version-history":[{"count":4,"href":"https:\/\/nagrobki-krotoszyn.pl\/index.php?rest_route=\/wp\/v2\/pages\/10\/revisions"}],"predecessor-version":[{"id":151,"href":"https:\/\/nagrobki-krotoszyn.pl\/index.php?rest_route=\/wp\/v2\/pages\/10\/revisions\/151"}],"wp:attachment":[{"href":"https:\/\/nagrobki-krotoszyn.pl\/index.php?rest_route=%2Fwp%2Fv2%2Fmedia&parent=10"}],"curies":[{"name":"wp","href":"https:\/\/api.w.org\/{rel}","templated":true}]}}