{"id":2,"date":"2021-12-02T14:15:21","date_gmt":"2021-12-02T13:15:21","guid":{"rendered":"https:\/\/nagrobki-krotoszyn.pl\/?page_id=2"},"modified":"2024-11-06T21:29:59","modified_gmt":"2024-11-06T20:29:59","slug":"przykladowa-strona","status":"publish","type":"page","link":"https:\/\/nagrobki-krotoszyn.pl\/?page_id=2","title":{"rendered":"Kontakt"},"content":{"rendered":"\n<p>Zak\u0142ad Kamieniarsko Nagrobkowy Grzegorz Zaremba<\/p>\n\n\n\n<p>Krotoszyn 33<\/p>\n\n\n\n<p>88-220 Osi\u0119ciny<\/p>\n\n\n\n<p>Tel.697-330-552<\/p>\n\n\n\n<p>e-mail: zaremba.grzegorz@onet.pl<\/p>\n\n\n\n<p><strong>Godziny<\/strong> <strong>Otwarcia:<\/strong><br>Poniedzia\u0142ek\u2014pi\u0105tek: 7:00\u201316:00<br>Sobota\u00a0 7:00\u201313:00<\/p>\n\n\n\n<p class=\"has-vivid-cyan-blue-color has-text-color\"><a href=\"http:\/\/www.nagrobki-krotoszyn.pl\">www.nagrobki-krotoszyn.pl<\/a><\/p>\n","protected":false},"excerpt":{"rendered":"<p>Zak\u0142ad Kamieniarsko Nagrobkowy Grzegorz Zaremba Krotoszyn 33 88-220 Osi\u0119ciny Tel.697-330-552 e-mail: zaremba.grzegorz@onet.pl Godziny Otwarcia:Poniedzia\u0142ek\u2014pi\u0105tek: 7:00\u201316:00Sobota\u00a0 7:00\u201313:00 www.nagrobki-krotoszyn.pl<\/p>\n","protected":false},"author":1,"featured_media":0,"parent":0,"menu_order":0,"comment_status":"closed","ping_status":"open","template":"","meta":[],"_links":{"self":[{"href":"https:\/\/nagrobki-krotoszyn.pl\/index.php?rest_route=\/wp\/v2\/pages\/2"}],"collection":[{"href":"https:\/\/nagrobki-krotoszyn.pl\/index.php?rest_route=\/wp\/v2\/pages"}],"about":[{"href":"https:\/\/nagrobki-krotoszyn.pl\/index.php?rest_route=\/wp\/v2\/types\/page"}],"author":[{"embeddable":true,"href":"https:\/\/nagrobki-krotoszyn.pl\/index.php?rest_route=\/wp\/v2\/users\/1"}],"replies":[{"embeddable":true,"href":"https:\/\/nagrobki-krotoszyn.pl\/index.php?rest_route=%2Fwp%2Fv2%2Fcomments&post=2"}],"version-history":[{"count":4,"href":"https:\/\/nagrobki-krotoszyn.pl\/index.php?rest_route=\/wp\/v2\/pages\/2\/revisions"}],"predecessor-version":[{"id":153,"href":"https:\/\/nagrobki-krotoszyn.pl\/index.php?rest_route=\/wp\/v2\/pages\/2\/revisions\/153"}],"wp:attachment":[{"href":"https:\/\/nagrobki-krotoszyn.pl\/index.php?rest_route=%2Fwp%2Fv2%2Fmedia&parent=2"}],"curies":[{"name":"wp","href":"https:\/\/api.w.org\/{rel}","templated":true}]}}