{"id":48,"date":"2021-12-13T17:21:16","date_gmt":"2021-12-13T16:21:16","guid":{"rendered":"https:\/\/nagrobki-krotoszyn.pl\/?page_id=48"},"modified":"2024-11-06T23:00:52","modified_gmt":"2024-11-06T22:00:52","slug":"blog","status":"publish","type":"page","link":"https:\/\/nagrobki-krotoszyn.pl\/?page_id=48","title":{"rendered":"Blog"},"content":{"rendered":"\n<p class=\"has-medium-font-size\">W naszym asortymencie posiadamy r\u00f3wnie\u017c rzadko spotykane rze\u017aby granitowe.<\/p>\n\n\n\n<figure class=\"wp-block-image size-large\"><img loading=\"lazy\" width=\"768\" height=\"1024\" src=\"https:\/\/nagrobki-krotoszyn.pl\/wp-content\/uploads\/2024\/11\/20241106_194359-768x1024.jpg\" alt=\"\" class=\"wp-image-197\" srcset=\"https:\/\/nagrobki-krotoszyn.pl\/wp-content\/uploads\/2024\/11\/20241106_194359-768x1024.jpg 768w, https:\/\/nagrobki-krotoszyn.pl\/wp-content\/uploads\/2024\/11\/20241106_194359-225x300.jpg 225w, https:\/\/nagrobki-krotoszyn.pl\/wp-content\/uploads\/2024\/11\/20241106_194359-1152x1536.jpg 1152w, https:\/\/nagrobki-krotoszyn.pl\/wp-content\/uploads\/2024\/11\/20241106_194359-1536x2048.jpg 1536w, https:\/\/nagrobki-krotoszyn.pl\/wp-content\/uploads\/2024\/11\/20241106_194359-scaled.jpg 1920w\" sizes=\"(max-width: 768px) 100vw, 768px\" \/><\/figure>\n","protected":false},"excerpt":{"rendered":"<p>W naszym asortymencie posiadamy r\u00f3wnie\u017c rzadko spotykane rze\u017aby granitowe.<\/p>\n","protected":false},"author":1,"featured_media":0,"parent":0,"menu_order":0,"comment_status":"closed","ping_status":"closed","template":"","meta":[],"_links":{"self":[{"href":"https:\/\/nagrobki-krotoszyn.pl\/index.php?rest_route=\/wp\/v2\/pages\/48"}],"collection":[{"href":"https:\/\/nagrobki-krotoszyn.pl\/index.php?rest_route=\/wp\/v2\/pages"}],"about":[{"href":"https:\/\/nagrobki-krotoszyn.pl\/index.php?rest_route=\/wp\/v2\/types\/page"}],"author":[{"embeddable":true,"href":"https:\/\/nagrobki-krotoszyn.pl\/index.php?rest_route=\/wp\/v2\/users\/1"}],"replies":[{"embeddable":true,"href":"https:\/\/nagrobki-krotoszyn.pl\/index.php?rest_route=%2Fwp%2Fv2%2Fcomments&post=48"}],"version-history":[{"count":4,"href":"https:\/\/nagrobki-krotoszyn.pl\/index.php?rest_route=\/wp\/v2\/pages\/48\/revisions"}],"predecessor-version":[{"id":198,"href":"https:\/\/nagrobki-krotoszyn.pl\/index.php?rest_route=\/wp\/v2\/pages\/48\/revisions\/198"}],"wp:attachment":[{"href":"https:\/\/nagrobki-krotoszyn.pl\/index.php?rest_route=%2Fwp%2Fv2%2Fmedia&parent=48"}],"curies":[{"name":"wp","href":"https:\/\/api.w.org\/{rel}","templated":true}]}}